{"id":4415,"date":"2024-12-08T10:21:38","date_gmt":"2024-12-08T09:21:38","guid":{"rendered":"https:\/\/www.metalmodel.biz\/?page_id=4415"},"modified":"2024-12-08T10:39:08","modified_gmt":"2024-12-08T09:39:08","slug":"kontakt","status":"publish","type":"page","link":"https:\/\/www.metalmodel.biz\/index.php\/kontakt\/","title":{"rendered":"KONTAKT"},"content":{"rendered":"\n<p>V\u00e1\u017een\u00ed model\u00e1\u0159i a fandov\u00e9 modela\u0159en\u00ed.  D\u011bkuji za n\u00e1v\u0161t\u011bvu str\u00e1nek. <br>Najdete m\u011b na facebooku pod profilem <a href=\"https:\/\/www.facebook.com\/izahradka\">Metal Model<\/a><\/p>\n\n\n\n<div class=\"wp-block-columns is-layout-flex wp-container-core-columns-is-layout-1 wp-block-columns-is-layout-flex\">\n<div class=\"wp-block-column is-layout-flow wp-block-column-is-layout-flow\">\n<div class=\"wp-block-group is-content-justification-left is-nowrap is-layout-flex wp-container-core-group-is-layout-1 wp-block-group-is-layout-flex\">\n<p class=\"has-text-align-right\">nebo si m\u016f\u017eeme napsat na mailu<\/p>\n\n\n\n<figure class=\"wp-block-image size-full is-resized\"><img loading=\"lazy\" decoding=\"async\" width=\"340\" height=\"113\" src=\"https:\/\/www.metalmodel.biz\/wp-content\/uploads\/2024\/12\/Snimek-obrazovky-2024-12-08-102321.png\" alt=\"\" class=\"wp-image-4419\" style=\"width:189px;height:auto\" srcset=\"https:\/\/www.metalmodel.biz\/wp-content\/uploads\/2024\/12\/Snimek-obrazovky-2024-12-08-102321.png 340w, https:\/\/www.metalmodel.biz\/wp-content\/uploads\/2024\/12\/Snimek-obrazovky-2024-12-08-102321-300x100.png 300w, https:\/\/www.metalmodel.biz\/wp-content\/uploads\/2024\/12\/Snimek-obrazovky-2024-12-08-102321-50x17.png 50w, https:\/\/www.metalmodel.biz\/wp-content\/uploads\/2024\/12\/Snimek-obrazovky-2024-12-08-102321-181x60.png 181w\" sizes=\"(max-width: 340px) 100vw, 340px\" \/><\/figure>\n<\/div>\n<\/div>\n<\/div>\n\n\n\n<div class=\"wp-block-buttons is-layout-flex wp-block-buttons-is-layout-flex\">\n<div class=\"wp-block-button\"><a class=\"wp-block-button__link wp-element-button\" href=\"https:\/\/www.metalmodel.biz\">Hlavn\u00ed str\u00e1nka<\/a><\/div>\n<\/div>\n\n\n\n<p><\/p>\n","protected":false},"excerpt":{"rendered":"<p>V\u00e1\u017een\u00ed model\u00e1\u0159i a fandov\u00e9 modela\u0159en\u00ed. D\u011bkuji za n\u00e1v\u0161t\u011bvu str\u00e1nek. Najdete m\u011b na facebooku pod profilem Metal Model nebo si m\u016f\u017eeme napsat na mailu<\/p>\n","protected":false},"author":1,"featured_media":0,"parent":0,"menu_order":0,"comment_status":"closed","ping_status":"closed","template":"","meta":{"footnotes":""},"class_list":["post-4415","page","type-page","status-publish","hentry"],"wppr_data":[],"_links":{"self":[{"href":"https:\/\/www.metalmodel.biz\/index.php\/wp-json\/wp\/v2\/pages\/4415"}],"collection":[{"href":"https:\/\/www.metalmodel.biz\/index.php\/wp-json\/wp\/v2\/pages"}],"about":[{"href":"https:\/\/www.metalmodel.biz\/index.php\/wp-json\/wp\/v2\/types\/page"}],"author":[{"embeddable":true,"href":"https:\/\/www.metalmodel.biz\/index.php\/wp-json\/wp\/v2\/users\/1"}],"replies":[{"embeddable":true,"href":"https:\/\/www.metalmodel.biz\/index.php\/wp-json\/wp\/v2\/comments?post=4415"}],"version-history":[{"count":7,"href":"https:\/\/www.metalmodel.biz\/index.php\/wp-json\/wp\/v2\/pages\/4415\/revisions"}],"predecessor-version":[{"id":4432,"href":"https:\/\/www.metalmodel.biz\/index.php\/wp-json\/wp\/v2\/pages\/4415\/revisions\/4432"}],"wp:attachment":[{"href":"https:\/\/www.metalmodel.biz\/index.php\/wp-json\/wp\/v2\/media?parent=4415"}],"curies":[{"name":"wp","href":"https:\/\/api.w.org\/{rel}","templated":true}]}}