{"id":1406,"date":"2016-11-22T10:08:19","date_gmt":"2016-11-22T09:08:19","guid":{"rendered":"http:\/\/www.metalmodel.biz\/?page_id=1406"},"modified":"2025-06-04T07:03:08","modified_gmt":"2025-06-04T06:03:08","slug":"modely-lokomotiv","status":"publish","type":"page","link":"https:\/\/www.metalmodel.biz\/index.php\/uvod\/modely-lokomotiv\/","title":{"rendered":"POSTUPY A N\u00c1VODY"},"content":{"rendered":"\n<figure class=\"wp-block-gallery has-nested-images columns-5 is-cropped wp-block-gallery-1 is-layout-flex wp-block-gallery-is-layout-flex\">\n<figure class=\"wp-block-image size-full\"><img loading=\"lazy\" decoding=\"async\" width=\"3264\" height=\"2152\" data-id=\"1576\" src=\"https:\/\/www.metalmodel.biz\/wp-content\/uploads\/2016\/10\/2017_BREZEN-064.jpg\" alt=\"\" class=\"wp-image-1576\" srcset=\"https:\/\/www.metalmodel.biz\/wp-content\/uploads\/2016\/10\/2017_BREZEN-064.jpg 3264w, https:\/\/www.metalmodel.biz\/wp-content\/uploads\/2016\/10\/2017_BREZEN-064-300x198.jpg 300w, https:\/\/www.metalmodel.biz\/wp-content\/uploads\/2016\/10\/2017_BREZEN-064-768x506.jpg 768w, https:\/\/www.metalmodel.biz\/wp-content\/uploads\/2016\/10\/2017_BREZEN-064-1024x675.jpg 1024w, https:\/\/www.metalmodel.biz\/wp-content\/uploads\/2016\/10\/2017_BREZEN-064-1200x791.jpg 1200w, https:\/\/www.metalmodel.biz\/wp-content\/uploads\/2016\/10\/2017_BREZEN-064-50x33.jpg 50w\" sizes=\"(max-width: 3264px) 100vw, 3264px\" \/><\/figure>\n\n\n\n<figure class=\"wp-block-image size-large\"><img loading=\"lazy\" decoding=\"async\" width=\"1024\" height=\"1024\" data-id=\"1397\" src=\"https:\/\/www.metalmodel.biz\/wp-content\/uploads\/2016\/10\/2016_LISTOPAD-056-1024x1024.jpg\" alt=\"\" class=\"wp-image-1397\" srcset=\"https:\/\/www.metalmodel.biz\/wp-content\/uploads\/2016\/10\/2016_LISTOPAD-056-1024x1024.jpg 1024w, https:\/\/www.metalmodel.biz\/wp-content\/uploads\/2016\/10\/2016_LISTOPAD-056-150x150.jpg 150w, https:\/\/www.metalmodel.biz\/wp-content\/uploads\/2016\/10\/2016_LISTOPAD-056-300x300.jpg 300w, https:\/\/www.metalmodel.biz\/wp-content\/uploads\/2016\/10\/2016_LISTOPAD-056-768x768.jpg 768w, https:\/\/www.metalmodel.biz\/wp-content\/uploads\/2016\/10\/2016_LISTOPAD-056-1200x1200.jpg 1200w, https:\/\/www.metalmodel.biz\/wp-content\/uploads\/2016\/10\/2016_LISTOPAD-056-570x570.jpg 570w, https:\/\/www.metalmodel.biz\/wp-content\/uploads\/2016\/10\/2016_LISTOPAD-056-50x50.jpg 50w\" sizes=\"(max-width: 1024px) 100vw, 1024px\" \/><\/figure>\n\n\n\n<figure class=\"wp-block-image size-large\"><img loading=\"lazy\" decoding=\"async\" width=\"1024\" height=\"768\" data-id=\"1348\" src=\"https:\/\/www.metalmodel.biz\/wp-content\/uploads\/2016\/10\/Z\u00e1\u0159\u00ed2009-065-1024x768.jpg\" alt=\"\" class=\"wp-image-1348\" srcset=\"https:\/\/www.metalmodel.biz\/wp-content\/uploads\/2016\/10\/Z\u00e1\u0159\u00ed2009-065-1024x768.jpg 1024w, https:\/\/www.metalmodel.biz\/wp-content\/uploads\/2016\/10\/Z\u00e1\u0159\u00ed2009-065-300x225.jpg 300w, https:\/\/www.metalmodel.biz\/wp-content\/uploads\/2016\/10\/Z\u00e1\u0159\u00ed2009-065-768x576.jpg 768w, https:\/\/www.metalmodel.biz\/wp-content\/uploads\/2016\/10\/Z\u00e1\u0159\u00ed2009-065-1200x900.jpg 1200w, https:\/\/www.metalmodel.biz\/wp-content\/uploads\/2016\/10\/Z\u00e1\u0159\u00ed2009-065-50x38.jpg 50w\" sizes=\"(max-width: 1024px) 100vw, 1024px\" \/><\/figure>\n\n\n\n<figure class=\"wp-block-image size-large\"><img loading=\"lazy\" decoding=\"async\" width=\"1024\" height=\"757\" data-id=\"1148\" src=\"https:\/\/www.metalmodel.biz\/wp-content\/uploads\/2016\/10\/Img_6785-1024x757.jpg\" alt=\"\" class=\"wp-image-1148\" srcset=\"https:\/\/www.metalmodel.biz\/wp-content\/uploads\/2016\/10\/Img_6785-1024x757.jpg 1024w, https:\/\/www.metalmodel.biz\/wp-content\/uploads\/2016\/10\/Img_6785-300x222.jpg 300w, https:\/\/www.metalmodel.biz\/wp-content\/uploads\/2016\/10\/Img_6785-768x568.jpg 768w, https:\/\/www.metalmodel.biz\/wp-content\/uploads\/2016\/10\/Img_6785-1200x887.jpg 1200w, https:\/\/www.metalmodel.biz\/wp-content\/uploads\/2016\/10\/Img_6785-50x37.jpg 50w\" sizes=\"(max-width: 1024px) 100vw, 1024px\" \/><\/figure>\n\n\n\n<figure class=\"wp-block-image size-large\"><img loading=\"lazy\" decoding=\"async\" width=\"1024\" height=\"768\" data-id=\"928\" src=\"https:\/\/www.metalmodel.biz\/wp-content\/uploads\/2016\/10\/Img_4690-1024x768.jpg\" alt=\"\" class=\"wp-image-928\" srcset=\"https:\/\/www.metalmodel.biz\/wp-content\/uploads\/2016\/10\/Img_4690-1024x768.jpg 1024w, https:\/\/www.metalmodel.biz\/wp-content\/uploads\/2016\/10\/Img_4690-300x225.jpg 300w, https:\/\/www.metalmodel.biz\/wp-content\/uploads\/2016\/10\/Img_4690-768x576.jpg 768w, https:\/\/www.metalmodel.biz\/wp-content\/uploads\/2016\/10\/Img_4690-1200x900.jpg 1200w, https:\/\/www.metalmodel.biz\/wp-content\/uploads\/2016\/10\/Img_4690-50x38.jpg 50w, https:\/\/www.metalmodel.biz\/wp-content\/uploads\/2016\/10\/Img_4690.jpg 1814w\" sizes=\"(max-width: 1024px) 100vw, 1024px\" \/><\/figure>\n\n\n\n<figure class=\"wp-block-image size-large\"><img loading=\"lazy\" decoding=\"async\" width=\"1024\" height=\"768\" data-id=\"565\" src=\"https:\/\/www.metalmodel.biz\/wp-content\/uploads\/2016\/10\/IMG_4858-1024x768.jpg\" alt=\"\" class=\"wp-image-565\" srcset=\"https:\/\/www.metalmodel.biz\/wp-content\/uploads\/2016\/10\/IMG_4858-1024x768.jpg 1024w, https:\/\/www.metalmodel.biz\/wp-content\/uploads\/2016\/10\/IMG_4858-300x225.jpg 300w, https:\/\/www.metalmodel.biz\/wp-content\/uploads\/2016\/10\/IMG_4858-768x576.jpg 768w, https:\/\/www.metalmodel.biz\/wp-content\/uploads\/2016\/10\/IMG_4858-1200x900.jpg 1200w, https:\/\/www.metalmodel.biz\/wp-content\/uploads\/2016\/10\/IMG_4858-50x38.jpg 50w\" sizes=\"(max-width: 1024px) 100vw, 1024px\" \/><\/figure>\n\n\n\n<figure class=\"wp-block-image size-large\"><img loading=\"lazy\" decoding=\"async\" width=\"1024\" height=\"709\" data-id=\"382\" src=\"https:\/\/www.metalmodel.biz\/wp-content\/uploads\/2016\/09\/HEADER06-e1477464661875-1024x709.jpg\" alt=\"\" class=\"wp-image-382\"\/><\/figure>\n\n\n\n<figure class=\"wp-block-image size-large\"><img loading=\"lazy\" decoding=\"async\" width=\"1024\" height=\"768\" data-id=\"252\" src=\"https:\/\/www.metalmodel.biz\/wp-content\/uploads\/2016\/10\/videp2-010-1024x768.jpg\" alt=\"\" class=\"wp-image-252\" srcset=\"https:\/\/www.metalmodel.biz\/wp-content\/uploads\/2016\/10\/videp2-010-1024x768.jpg 1024w, https:\/\/www.metalmodel.biz\/wp-content\/uploads\/2016\/10\/videp2-010-300x225.jpg 300w, https:\/\/www.metalmodel.biz\/wp-content\/uploads\/2016\/10\/videp2-010-768x576.jpg 768w, https:\/\/www.metalmodel.biz\/wp-content\/uploads\/2016\/10\/videp2-010-1200x900.jpg 1200w, https:\/\/www.metalmodel.biz\/wp-content\/uploads\/2016\/10\/videp2-010-50x38.jpg 50w\" sizes=\"(max-width: 1024px) 100vw, 1024px\" \/><\/figure>\n\n\n\n<figure class=\"wp-block-image size-large\"><img loading=\"lazy\" decoding=\"async\" width=\"1024\" height=\"768\" data-id=\"1625\" src=\"https:\/\/www.metalmodel.biz\/wp-content\/uploads\/2016\/11\/leden-modely-024-1024x768.jpg\" alt=\"\" class=\"wp-image-1625\" srcset=\"https:\/\/www.metalmodel.biz\/wp-content\/uploads\/2016\/11\/leden-modely-024-1024x768.jpg 1024w, https:\/\/www.metalmodel.biz\/wp-content\/uploads\/2016\/11\/leden-modely-024-300x225.jpg 300w, https:\/\/www.metalmodel.biz\/wp-content\/uploads\/2016\/11\/leden-modely-024-768x576.jpg 768w, https:\/\/www.metalmodel.biz\/wp-content\/uploads\/2016\/11\/leden-modely-024-1200x900.jpg 1200w, https:\/\/www.metalmodel.biz\/wp-content\/uploads\/2016\/11\/leden-modely-024-50x38.jpg 50w\" sizes=\"(max-width: 1024px) 100vw, 1024px\" \/><\/figure>\n<\/figure>\n\n\n\n<hr class=\"wp-block-separator has-alpha-channel-opacity\"\/>\n\n\n\n<p>Vyber si \u0159adu v menu.<\/p>\n","protected":false},"excerpt":{"rendered":"<p>Vyber si \u0159adu v menu.<\/p>\n","protected":false},"author":1,"featured_media":0,"parent":38,"menu_order":0,"comment_status":"closed","ping_status":"closed","template":"","meta":{"footnotes":""},"class_list":["post-1406","page","type-page","status-publish","hentry"],"wppr_data":{"cwp_meta_box_check":"No"},"_links":{"self":[{"href":"https:\/\/www.metalmodel.biz\/index.php\/wp-json\/wp\/v2\/pages\/1406"}],"collection":[{"href":"https:\/\/www.metalmodel.biz\/index.php\/wp-json\/wp\/v2\/pages"}],"about":[{"href":"https:\/\/www.metalmodel.biz\/index.php\/wp-json\/wp\/v2\/types\/page"}],"author":[{"embeddable":true,"href":"https:\/\/www.metalmodel.biz\/index.php\/wp-json\/wp\/v2\/users\/1"}],"replies":[{"embeddable":true,"href":"https:\/\/www.metalmodel.biz\/index.php\/wp-json\/wp\/v2\/comments?post=1406"}],"version-history":[{"count":7,"href":"https:\/\/www.metalmodel.biz\/index.php\/wp-json\/wp\/v2\/pages\/1406\/revisions"}],"predecessor-version":[{"id":4474,"href":"https:\/\/www.metalmodel.biz\/index.php\/wp-json\/wp\/v2\/pages\/1406\/revisions\/4474"}],"up":[{"embeddable":true,"href":"https:\/\/www.metalmodel.biz\/index.php\/wp-json\/wp\/v2\/pages\/38"}],"wp:attachment":[{"href":"https:\/\/www.metalmodel.biz\/index.php\/wp-json\/wp\/v2\/media?parent=1406"}],"curies":[{"name":"wp","href":"https:\/\/api.w.org\/{rel}","templated":true}]}}